{"id":147,"date":"2023-09-22T23:17:49","date_gmt":"2023-09-22T22:17:49","guid":{"rendered":"https:\/\/intelligenxe.com\/?page_id=147"},"modified":"2025-09-05T20:49:22","modified_gmt":"2025-09-06T02:49:22","slug":"work-in-progress","status":"publish","type":"page","link":"https:\/\/intelligenxe.com\/?page_id=147","title":{"rendered":"Work in Progress"},"content":{"rendered":"\n<p><strong>(1) Research and Development (R&amp;D):<\/strong> Exploring the replacement and\/or augmentation of human investment research analysts, asset managers, traders, and interns with organized\/orchestrated networks of AI agents.&nbsp;<\/p>\n\n\n\n<p><strong>(2) Forming Alliances: <\/strong>Building partnerships with prominent organizations and individuals who may contribute to and\/or benefit from the AI-driven collaborative production movement on Wall Street. Institutions of interest to INTELLIGENXE include:&nbsp;<\/p>\n\n\n\n<p><a href=\"#INVESTMENT-BANKS\" data-type=\"internal\" data-id=\"#INVESTMENT-BANKS\">INVESTMENT BANKS<\/a><\/p>\n\n\n\n<p><a href=\"#COMMERCIAL-BANKS\" data-type=\"internal\" data-id=\"#COMMERCIAL-BANKS\">COMMERCIAL BANKS<\/a><\/p>\n\n\n\n<p><a href=\"#MUTUAL-FUNDS\">MUTUAL FUNDS<\/a><\/p>\n\n\n\n<p><a href=\"#HEDGE-FUNDS\">HEDGE FUNDS<\/a><\/p>\n\n\n\n<p><a href=\"#PENSION-FUNDS\">PENSION FUNDS<\/a><\/p>\n\n\n\n<p><a href=\"#PRIVATE-EQUITY-FIRMS\">PRIVATE EQUITY FIRMS<\/a><\/p>\n\n\n\n<p><a href=\"#VENTURE-CAPITAL-FIRMS\">VENTURE CAPITAL FIRMS<\/a><\/p>\n\n\n\n<p><a href=\"#FAMILY-OFFICES\">FAMILY OFFICES<\/a><\/p>\n\n\n\n<p><a href=\"#ACCOUNTING-FIRMS\">ACCOUNTING FIRMS<\/a><\/p>\n\n\n\n<p><a href=\"#FINANCIAL-REGULATORS\">FINANCIAL REGULATORS<\/a><\/p>\n\n\n\n<p><a href=\"#FEDERAL-RESERVE\">FEDERAL RESERVE<\/a><\/p>\n\n\n\n<p><a href=\"#EXCHANGES\">EXCHANGES<\/a><\/p>\n\n\n\n<p><a href=\"#FINANCIAL-NEWS\/MEDIA-COMPANIES\">FINANCIAL NEWS\/MEDIA COMPANIES<\/a><\/p>\n\n\n\n<p><a href=\"#FINANCE-INTERNSHIPS\">FINANCE INTERNSHIPS<\/a> (for resplacing Interns with AI agents)<\/p>\n\n\n\n<p><a href=\"#UNIVERSITIES\">UNIVERSITIES<\/a><\/p>\n\n\n\n<p><a href=\"#AI\/LLM-COMPANIES\">AI\/LLM COMPANIES<\/a><\/p>\n\n\n\n<p><a href=\"#AI\/TECH-COMPANIES\">AI\/TECH COMPANIES<\/a><\/p>\n\n\n\n<p><a href=\"#AI\/INNOVATION-COMPANIES\">AI\/INNOVATION COMPANIES<\/a><\/p>\n\n\n\n<p><a href=\"#AI\/FINTECH-COMPANIES\">AI\/FINTECH COMPANIES<\/a><\/p>\n\n\n\n<p><\/p>\n\n\n\n<hr class=\"wp-block-separator has-alpha-channel-opacity\"\/>\n\n\n\n<p id=\"INVESTMENT-BANKS\">INVESTMENT BANKS<\/p>\n\n\n\n<p><em>Largest Full-Service Investment Banks<\/em><br>&nbsp;JPMorgan Chase<br>Goldman Sachs<br>Bank of America Merrill Lynch<br>Morgan Stanley<br>Citigroup<br>Deutsche Bank<br>Credit Suisse<br>Barclays Capital<br>UBS<br>Wells Fargo<br>RBC Capital Markets<br>HSBC<br>Jefferies Group<br>BNP Paribas<br>Nomura Holdings<br>Mizuho<br>Lazard<br>Sumitomo Mitsui<br>Mitsubishi UFJ<br>Soci\u00e9t\u00e9 G\u00e9n\u00e9rale<\/p>\n\n\n\n<p><em>Independent Investment Banks<\/em><br>Allen &amp; Company<br>BBY Ltd<br>Blackstone Group<br>Brown Brothers Harriman<br>Brown, Shipley &amp; Co.<br>BTG Pactual<br>Cain Brothers<br>Cantor Fitzgerald<br>Canaccord Financial Inc<br>Capstone Partners<br>Centerview Partners<br>China International Capital Corporation<br>CITIC Securities<br>Close Brothers Group<br>CLSA<br>Cowen Group<br>C.W. Downer &amp; Co.<br>Daewoo Securities<br>Defoe Fournier &amp; Cie.<br>Duff &amp; Phelps<br>Europa Partners<br>Evercore Partners<br>FBR Capital Markets<br>Financo<br>Foros Group<br>Gleacher &amp; Co.<br>Greenhill &amp; Co.<br>Guggenheim Partners<br>Guosen Securities<br>Houlihan Lokey<br>Imperial Capital<br>Investec<br>Investment Technology Group<br>Janney Montgomery Scott<br>Keefe, Bruyette &amp; Woods<br>Ladenburg Thalmann<br>Lincoln International<br>M.M.Warburg &amp; CO<br>Marathon Capital<br>Mediobanca<br>Miller Buckfire &amp; Co.<br>Moelis &amp; Company<br>Morgan Keegan &amp; Company<br>N M Rothschild &amp; Sons<br>Needham and Company<br>Newedge<br>Oppenheimer &amp; Co.<br>Panmure Gordon<br>Park Lane<br>Perella Weinberg Partners<br>Peter J. Solomon Company<br>Piper Jaffray<br>Pottinger (Australia)<br>Raymond James<br>Robert W. Baird &amp; Company<br>Sagent Advisors<br>Sandler O&#8217;Neill + Partners<br>Sanford Bernstein<br>Stephens Inc.<br>Stone Key Partners<br>Thomas Weisel Partners<br>Vermilion Partners<br>Wedbush Securities<br>William Blair &amp; Company<br>WR Hambrecht + Co<br><\/p>\n\n\n\n<p id=\"COMMERCIAL-BANKS\">COMMERCIAL BANKS<br>JPMorgan Chase &amp; Co.<br>Bank of America Corp.<br>Citigroup Inc.<br>Wells Fargo &amp; Co.<br>U.S. Bancorp<br>Bank of New York Mellon Corp.<br>PNC Financial Services Group Inc.<br>Capital One Financial Corp.<br>HSBC North American Holdings Inc.<br>TD Bank U.S. Holding Co.<\/p>\n\n\n\n<p><\/p>\n\n\n\n<p id=\"MUTUAL-FUNDS\">MUTUAL FUNDS<br>The Vanguard Group<br>Fidelity Investments<br>American Funds&nbsp;(Capital Group)<br>JPMorgan Chase<br>T. Rowe Price<br>BlackRock<br>Franklin Templeton Investments<br>PIMCO<br>Dimensional Fund Advisors<\/p>\n\n\n\n<p><\/p>\n\n\n\n<p id=\"HEDGE-FUNDS\">HEDGE FUNDS<br><em>(Hedge Fund &#8211; Key Principal)<\/em><br>Bridgewater Associates &#8211; Ray Dalio, Bob Prince<br>AQR Capital Management &#8211; Cliff Asness<br>Millennium Management &#8211; Israel Englander<br>Citadel Advisors &#8211; Ken Griffin<br>Harris Associates &#8211; Victor Morgenstern<br>Bluecrest Capital Management (closed)- Michael Platt<br>Berkshire Hathaway &#8211; Warren Buffet<br>First Eagle Investment Management &#8211; John Arnhold<br>Pine River Capital Management &#8211; Brian Taylor<br>D-E Shaw &amp; Company &#8211; DE Shaw<br>Black River Asset Management &#8211; Gary Jarrett<br>Kohlberg Kravis Roberts &amp; Company &#8211; George Roberts<br>Renaissance Technologies &#8211; James Simons<br>OZ Management &#8211; Daniel Och<br>Marathon Asset Management &#8211; Bruce Richards, Louis Hanover<br>Moore Capital Management &#8211; Louis Bacon<br>Adage Capital Partners GP &#8211; Phil Gross, Robert Atchinson<br>Viking Global Investors &#8211; Andreas Halvorsen, David Ott<br>Discovery Capital Management &#8211; Rob Citron<br>Royce &amp; Associates &#8211; Chuck Royce<br>Southeastern Asset Management &#8211; Mason Hawkins<br>Lone Pine Capital &#8211; Stephen Mandel<br>Two Sigma Investments &#8211; John Overdeck, David Siegel<br>Highbridge Capital Management &#8211; Glenn Russell Dubin<br>Icahn Carl &#8211; Carl Icahn<br>Paulson &amp; Co &#8211; John Paulson<br>Yacktman Asset Management &#8211; Donald Yacktman<br>Lansdowne Partners UK &#8211; Paul Ruddock, Steve Heinz<br>Angelo Gordon &amp; Company &#8211; John M. Angelo, Michael L. Gordon<br>Element Capital Management &#8211; Jeffrey Talpins<br>Baupost Group &#8211;&nbsp; Seth Klarman<br>Institutional Capital &#8211; Jerrold Keith Senser<br>Mariner Investment Group &#8211; William Michaelcheck<br>Soros Fund Management &#8211; George Soros<br>First Pacific Advisors &#8211; Robert Rodriguez, Steven Romick<br>Bluemountain Capital Management &#8211; Andrew Feldstein, Stephen Siderow<br>Partners &#8211; Noam Gottesman<br>Davidson Kempner Capital Management &#8211; Thomas Kempner, Marvin Davidson<br>Pzena Investment Management &#8211; Richard Pzena<br>Eagle Capital Management &#8211; Boykin Curry<br>Appaloosa Management &#8211; David Tepper<br>Magellan Asset Management &#8211; Hamish Douglass<br>Farallon Capital Management &#8211; Thomas Steyer<br>Highfields Capital Management &#8211; Jonathon Jacobson<br>Platinum Investment Management &#8211; Kerr Neilson<br>Goldentree Asset Management &#8211; Steven Tananbaum<br>Tudor Investment Corp &#8211; Paul Tudor Jones<br>Tiger Global Management &#8211; Chase Coleman, Feroz Dewan<br>King Street Capital Management &#8211; Brian Higgins, Francis Biondi<br>Centerbridge Partners &#8211; Jeffrey Aronson, Mark Gallogly<\/p>\n\n\n\n<p><\/p>\n\n\n\n<p id=\"PENSION-FUNDS\">PENSION FUNDS<br>California Public Employees&#8217; Retirement System (CalPERS)<br>California State Teachers&#8217; Retirement System (CalSTRS)<br>Civil Service Retirement System<br>Fire and Police Pension Association of Colorado (FPPA)<br>Illinois Municipal Retirement Fund<br>Kansas City Public School Retirement System (KCPSRS)<br>Kansas Public Employees Retirement System (KPERS)<br>Minnesota Public Employees&#8217; Retirement Association (MNPERA)<br>Minnesota Teachers&#8217; Retirement Association (MNTRA)<br>New York State Teachers&#8217; Retirement System (NYSTRS)<br>Railroad Retirement Board<br>Retirement Systems of Alabama (RSA)<br>Social Security Trust Fund<br>Teacher Retirement System of Texas&nbsp;(TRS of Texas)<br>Thrift Savings Plan (TSP)<\/p>\n\n\n\n<p><\/p>\n\n\n\n<p id=\"PRIVATE-EQUITY-FIRMS\">PRIVATE EQUITY FIRMS<br>TPG Capital<br>Goldman Sachs Capital Partners<br>The Carlyle Group<br>Kohlberg Kravis Roberts<br>The Blackstone Group<br>Apollo Management<br>Bain Capital<br>CVC Capital Partners<br>First Reserve Corporation<br>Hellman &amp; Friedman<br>Apax Partners<br>General Atlantic<br>Warburg Pincus<br>Cerberus Capital Management<br>Advent International<br>Permira<br>Oaktree Capital Management<br>Terra Firma Capital Partners<br>Providence Equity Partners<br>Clayton, Dubilier &amp; Rice<\/p>\n\n\n\n<p><\/p>\n\n\n\n<p id=\"VENTURE-CAPITAL-FIRMS\">VENTURE CAPITAL FIRMS<\/p>\n\n\n\n<p><em>U.S.<\/em><br>Kleiner Perkins Caufield &amp; Byers<br>New Enterprise Associates<br>Andreessen Horowitz<br>First Round Capital<br>Google Ventures<br>Khosla Ventures<br>Atlas Venture<br>Sequoia Capital<br>True Ventures<br>SV Angel<br>Intel Capital Corporation<br>Canaan Partners<br>Bessemer Venture Partners<br>General Catalyst Partners<br>Accel Partners &amp; Co<br>Ben Franklin Technology Partners of Southeastern PA<br>DreamIt Ventures<br>Draper Fisher Jurvetson<br>Foundation Capital<br>Innovation Works<br>Polaris Partners<br>500 Startups<br>Lerer Ventures<br>Advanced Technology Ventures<br>Redpoint Ventures<\/p>\n\n\n\n<p><em>Canada<\/em><br>ARC Financial<br>Argo Global Capital<br>Axia Capital Corp<br>BCE Capital<br>Bus Dev Bank of Canada&nbsp;&nbsp;&nbsp;<br>BMO Equity Partners<br>Brightspark<br>Borealis&nbsp;&nbsp;&nbsp;&nbsp;&nbsp;&nbsp;&nbsp;&nbsp;&nbsp;&nbsp;&nbsp;&nbsp;&nbsp;&nbsp;<br>CAI Capital Management Co.&nbsp;&nbsp;&nbsp;&nbsp;<br>CCFL Mezzanine Partners<br>Canadian Medical Discoveries Fund<br>CastleHill Ventures<br>Celtic House Venture Partners<br>Covington Funds<br>Crocus Investment Fund<br>Dancap Private Equity Inc.<br>EdgeStone Capital Venture Partners<br>ENSIS Growth Fund<br>Envoy Capital Management<br>FCC Ventures<br>GTI Capital<br>Golden Opportunities Fund Inc.<br>Greenstone Venture Partners<br>GrowthWorks Capital Ltd.<br>HDL Capital Corporation<br>J.L. Albright Venture Partners<br>Jefferson Partners<br>MM Venture Partners<br>McLean Watson Capital Inc.<br>Mercator Investments Limited<br>Mosaic Venture Partners<br>OPG Ventures Inc.<br>Primaxis Technology Ventures Inc.<br>Smart Seed Fund<br>SpringBank TechVentures Funds&nbsp;&nbsp;&nbsp;&nbsp;&nbsp;&nbsp;&nbsp;&nbsp;&nbsp;&nbsp;&nbsp;&nbsp;<br>Tamarack Group Ltd.<br>Tech Capital Partners Inc.<br>Telus Ventures<br>Vancity Capital Corporation<br>VenGrowth Capital Partners Inc.&nbsp;&nbsp;&nbsp;&nbsp;&nbsp;&nbsp;&nbsp;&nbsp;&nbsp;&nbsp;&nbsp;&nbsp;<br>Venture Coaches<br>Ventures West Management Inc.<br>Yaletown Venture Partners<\/p>\n\n\n\n<p><\/p>\n\n\n\n<p id=\"FAMILY-OFFICES\">FAMILY OFFICES<br>1888 Management &#8211; David &amp; Charles Koch&nbsp;<br>AME Cloud Ventures &#8211; Jerry Yang&nbsp;<br>Cascade Investments &#8211; Bill Gates&nbsp;<br>Hillspire &#8211; Eric Schmidt&nbsp;&nbsp;<br>Soros Fund Management &#8211; George Soros&nbsp;&nbsp;<br>Willett Advisors &#8211; Michael R. Bloomberg&nbsp;&nbsp;<br>Equity Group Investments &#8211; Sam Zell&nbsp;&nbsp;<br>Bayshore Global Management &#8211; Sergey Brin&nbsp;&nbsp;<br>Duquesne Family Office &#8211; Stanley Druckenmiller&nbsp;&nbsp;<br>Chan Zuckerberg Initiative \u2013 Priscilla Chan &amp; Mark Zuckerberg<br>Cohen Private Ventures &#8211; Steven Cohen&nbsp;&nbsp;<br>Mousse Partners &#8211; Wertheimer Family&nbsp;<br>Pritzker Group, Tao Capital Partners, Blue Haven Initiative &#8211; Pritzker Family&nbsp;&nbsp;<br>Madrone Capital Partners, Zoma Capital, Walton Enterprises &#8211; The Walton Family&nbsp;&nbsp;<br>Rosewood Management Corp., Palette Investment Company &#8211; The Hunt Family&nbsp;&nbsp;<br>Ziff Brothers Investments, Ziff Capital Partners &#8211; The Ziff Family&nbsp;<\/p>\n\n\n\n<p><\/p>\n\n\n\n<p id=\"ACCOUNTING-FIRMS\">ACCOUNTING FIRMS<br>Deloitte<br>PwC<br>Ernst &amp; Young<br>KPMG<br>Grant Thornton<br>BDO<br>RSM Tenon<br>Smith &amp; Williamson<br>Baker Tilly<br>Moore Stephens<\/p>\n\n\n\n<p id=\"FINANCIAL-REGULATORS\">FINANCIAL REGULATORS<br>Federal Reserve Board (FRB \u2013 the \u201cFed\u201d whose actions are determined by the FOMC)<br>Federal Deposit Insurance Corporation (FDIC)<br>Office of the Comptroller of the Currency (OCC)<br>Office of Thrift Supervision (OTS \u2013 dissolved in 2011)<br>Commodity Futures Trading Commission (CFTC)<br>Financial Industry Regulatory Authority (FINRA, which derived from NASD)<br>State Bank Regulators (works in conjunction with the Fed and the FDIC)<br>State Insurance Regulators<br>State Securities Regulators (augment FINRA and SEC regulations)<br>Securities and Exchange Commission (acts independently of the US government, its regulatory coverage includes exchanges)<\/p>\n\n\n\n<p><\/p>\n\n\n\n<p id=\"FEDERAL-RESERVE\">FEDERAL RESERVE<\/p>\n\n\n\n<p>Members of the Board of Governors<br><a href=\"http:\/\/www.federalreserve.gov\/aboutthefed\/bios\/board\/default.htm\" target=\"_blank\" rel=\"noreferrer noopener\">Source:&nbsp; Board of Governors of the Fed &#8211; Federal Reserve Banks<\/a><\/p>\n\n\n\n<p>Federal Open Market Committee (FOMC chair + Board of Governors members + Reserve Bank Presidents)<\/p>\n\n\n\n<p>Federal Reserve Banks &#8211; Presidents<br><a href=\"http:\/\/www.federalreserve.gov\/aboutthefed\/bios\/banks\/default.htm\" target=\"_blank\" rel=\"noreferrer noopener\">Source:&nbsp; Board of Governors of the Fed &#8211; Federal Reserve Banks<\/a><br>Boston<br>New York<br>Philadelphia<br>Cleveland<br>Richmond<br>Atlanta<br>Chicago<br>St. Louis<br>Minneapolis<br>Kansas City<br>Dallas<br>San Francisco<\/p>\n\n\n\n<p>Federal Advisory Council<br><a href=\"http:\/\/www.federalreserve.gov\/aboutthefed\/fac.htm\" target=\"_blank\" rel=\"noreferrer noopener\">Source:&nbsp; Board of Governors of the Fed &#8211; Federal Advisory Council<\/a><\/p>\n\n\n\n<p><\/p>\n\n\n\n<p id=\"EXCHANGES\">EXCHANGES<br>NYSE MKT LLC (formerly NYSE AMEX and the American Stock Exchange)<br>Bats BZX Exchange, Inc. (formerly BATS Exchange, Inc.)<br>Bats BYX Exchange, Inc. (formerly BATS Y-Exchange, Inc.)<br>BOX Options Exchange LLC<br>NASDAQ BX, Inc. (formerly NASDAQ OMX BX, Inc.; Boston Stock Exchange)<br>C2 Options Exchange, Incorporated<br>Chicago Board Options Exchange, Incorporated<br>Chicago Stock Exchange, Inc.<br>Bats EDGA Exchange, Inc. (formerly EDGA Exchange, Inc.)<br>Bats EDGX Exchange, Inc. (formerly EDGX Exchange, Inc.)<br>International Securities Exchange, LLC<br>ISE Gemini<br>ISE Mercury<br>Miami International Securities Exchange<br>The Nasdaq Stock Market LLC<br>National Stock Exchange, Inc.<br>New York Stock Exchange LLC<br>NYSE Arca, Inc.<br>NASDAQ PHLX LLC (formerly NASDAQ OMX PHLX, LLC; Philadelphia Stock Exchange)<br>Board of Trade of the City of Chicago, Inc.<br>CBOE Futures Exchange, LLC<br>Chicago Mercantile Exchange<br>One Chicago, LLC<br>The Island Futures Exchange, LLC (formerly registered)<br>NQLX LLC (formerly registered)<\/p>\n\n\n\n<p><\/p>\n\n\n\n<p id=\"FINANCIAL-NEWS\/MEDIA-COMPANIES\">FINANCIAL NEWS\/MEDIA COMPANIES<\/p>\n\n\n\n<p><em>Top Financial News Sites<\/em><br>&gt;<em>news sites<\/em><br>MarketWatch News Viewer<br>Bloomberg Portal<br>Reuters<br>Forbes&nbsp;<br>The Wall Street Journal<br>The Financial Times<br>CNBC<br>&gt;<em>news aggregating sites<\/em><br>Google Finance<br>Yahoo Finance<br>Seeking Alpha<br>&gt;<em>sites having dedicated finance news sections<\/em><br>CNN Money, USA Today, US News, etc.<\/p>\n\n\n\n<p><em>Business Newspapers with top circulation<\/em><br>Nihon Keizai Shimbun, Japan<br>Financial Times, United Kingdom<br>The Wall Street Journal, United States<br>The Economic Times, India<br>Il Sole 24 Ore, Italy<br>Mint, India<br>Business Standard, India<br>Handelsblatt, Germany<br>The Australian Financial Review, Australia<\/p>\n\n\n\n<p><\/p>\n\n\n\n<p id=\"FINANCE-INTERNSHIPS\">FINANCE INTERNSHIPS<\/p>\n\n\n\n<p><em>Top Investment Bank Internships<\/em><br>Houlihan Lokey Internship<br>Evercore Advisory Summer Analyst and Summer Associate Program<br>Centerview Partners Summer Analyst &#8212; NYC<br>Perella Weinberg Partners Advisory Summer Internship Program<br>William Blair Investment Banking Summer Analyst Internship<br>RBC Capital Markets Summer Analyst\/Associate Program<br>UBS Summer Internship Program<br>Goldman Sachs Global Summer Internship<br>J.P. Morgan Corporate, Asset Management and Corporate &amp; Investment Bank Programs<br>Nomura Investment Banking Summer Internship Program<\/p>\n\n\n\n<p><em>Top Banking and Finance Internships<\/em><br>Evercore Partners<br>Northwestern Mutual<br>Houlihan Lokey<br>PwC<br>Capital One<br>Deloitte<br>KPMG<br>Perella Weinberg Partners<br>Liberty Mutual<br>PNC Bank<\/p>\n\n\n\n<p><em>Top financial internships<\/em><br>AT&amp;T Financial and Leadership Development Program<br>Blackstone Group<br>Credit Suisse<br>Deutsche Bank<br>Goldman Sachs<br>J.P. Morgan\u2019s Investment Bank<br>Lazard<br>Morgan Stanley<br>Northwestern Mutual Financial Network<br>UBS Investment Bank<\/p>\n\n\n\n<p><\/p>\n\n\n\n<p id=\"UNIVERSITIES\">UNIVERSITIES<\/p>\n\n\n\n<p><em>Top (Graduate) Business Schools<\/em><br>Harvard University<br>Stanford University<br>University of Chicago (Booth)<br>University of Pennsylvania (Wharton)<br>Massachusetts Institute of Technology (Sloan)<br>Northwestern University (Kellogg)<br>University of California\u2014Berkeley (Haas)<br>Dartmouth College (Tuck)<br>Yale University<br>Columbia University<br>University of Virginia (Darden)<br>Duke University (Fuqua)<br>University of Michigan\u2014Ann Arbor (Ross)<br>Cornell University (Johnson)<br>University of California\u2014Los Angeles (Anderson)<br>University of North Carolina\u2014Chapel Hill (Kenan-Flagler)<br>University of Texas\u2014Austin (McCombs)<br>Carnegie Mellon University (Tepper)<br>Emory University (Goizueta)<br>New York University (Stern)<br>Washington University in St. Louis (Olin)<br>Georgetown University (McDonough)<br>Indiana University (Kelley)<br>Vanderbilt University (Owen)<br>Rice University (Jones)<\/p>\n\n\n\n<p><em>Top Undergraduate Business Schools<\/em><br>Villanova<br>Notre Dame (Mendoza)<br>Boston College (Carroll)<br>Indiana (Kelley)<br>UVA (McIntire)&nbsp;&nbsp;&nbsp;&nbsp;&nbsp;&nbsp;&nbsp;&nbsp;&nbsp;&nbsp;<br>Texas at Austin (McCombs)<br>North Carolina(Kenan-Flagler)&nbsp;&nbsp;&nbsp;&nbsp;&nbsp;&nbsp;&nbsp;&nbsp;&nbsp;&nbsp;&nbsp;<br>Michigan &#8211; Ann Arbor (Ross)<br>NYU (Stern)<br>Bentley&nbsp;&nbsp;&nbsp;&nbsp;&nbsp;&nbsp;&nbsp;&nbsp;<br>Cornell (Dyson)&nbsp;&nbsp;&nbsp;&nbsp;&nbsp;&nbsp;&nbsp;&nbsp;<br>William &amp; Mary (Mason)<br>Wake Forest<br>Ohio State (Fisher)<br>Emory (Goizueta)<br>Pennsylvania (Wharton)&nbsp;&nbsp;&nbsp;&nbsp;&nbsp;&nbsp;<br>Georgetown (McDonough)<br>Brigham Young (Marriott)<br>Penn State (Smeal)<br>Michigan State (Broad)<\/p>\n\n\n\n<p><em>Top Business Schools in Canada<\/em><br>Queen\u2019s School of Business<br>Schulich School of Business \u2013 York University<br>Rotman School of Management \u2013 University of Toronto<br>Richard Ivey School of Business \u2013 University of Western Ontario<br>HEC Montreal<br>Haskayne School of Business \u2013 University of Calgary<br>Desautels Faculty of Management \u2013 McGill University<br>Telfer School of Management \u2013 University of Ottawa<br>Sauder School of Business \u2013 University of British Columbia<br>Laurier School of Business &amp; Economics<\/p>\n\n\n\n<p><\/p>\n\n\n\n<p id=\"AI\/LLM-COMPANIES\">AI\/LLM COMPANIES<\/p>\n\n\n\n<p>Open AI<br>Google<br>Meta<br>Anthropic<br>Microsoft<br>Cohere<br>Vectara<br>WhyLabs<br>Databricks<br>MosaicML<\/p>\n\n\n\n<p><\/p>\n\n\n\n<p id=\"AI\/TECH-COMPANIES\">AI\/TECH COMPANIES<\/p>\n\n\n\n<p>Nvidia Corp<br>Microsoft Corp<br>Meta Platforms Inc<br>Astera Labs Inc<br>Broadcom Inc<br>Oracle Corp<br>Taiwan Semiconductor Manufacturing<br>Amazon Com Inc<br>Reddit Inc<br>Cadence Design Systems Inc<br>Servicenow Inc<br>Tesla Inc<br>Coherent Corp<br>Snowflake Inc<br>Alphabet Inc<br>SAP ADR<br>Vertiv Holdings<br>Datadog Inc<br>Mongodb Inc<br>Asia Vital Components Ltd<br>Hitachi Ltd<br>Pure Storage Inc<br>Cloudflare Inc<br>Samsara Inc<br>Blk Csh Fnd Treasury Sl Agency<br>Cyber Ark Software Ltd<br>Arista Networks Inc<br>Thomson Reuters Corp<br>Constellation Energy Corp<br>Micron Technology Inc<br>Arm Holdings ADR<br>Atlassian Corp<br>Applovin Corp<br>Asml Holding ADR<\/p>\n\n\n\n<p><\/p>\n\n\n\n<p id=\"AI\/INNOVATION-COMPANIES\">AI\/INNOVATION COMPANIES<\/p>\n\n\n\n<p>Tesla Inc<br>Coinbase Global Inc<br>Roku Inc<br>Roblox Corp<br>Palantir Technologies Inc<br>Robinhood Markets Inc<br>Crispr Therapeutics Ag<br>Block Inc<br>Shopify Inc<br>Uipath Inc<br>Meta Platforms Inc<br>Draftkings Inc<br>Pagerduty Inc<br>Twist Bioscience Corp<br>Tempus Ai Inc<br>Trade Desk Inc<br>Intellia Therapeutics Inc<br>Beam Therapeutics Inc<br>Recursion Pharmaceuticals<br>Veracyte Inc<br>10x Genomics Inc<br>Amazon.Com Inc<br>Archer Aviation Inc<br>Teradyne Inc<br>Sofi Technologies Inc<br>Natera Inc<br>Pinterest Inc<br>Advanced Micro Devices<br>Illumina Inc<br>Pacific Biosciences of Calif<br>Cerus Corp<br>Prime Medicine Inc<br>Unity Software Inc<\/p>\n\n\n\n<p id=\"AI\/FINTECH-COMPANIES\">AI\/FINTECH COMPANIES<\/p>\n\n\n\n<p>Coinbase Global Inc<br>Shopify Inc<br>Block Inc<br>Ark Bitcoin Etf Holdco (Arkf)<br>Toast Inc<br>Sofi Technologies Inc<br>Robinhood Markets Inc<br>Draftkings Inc<br>Palantir Technologies Inc<br>Mercadolibre Inc<br>Roblox Corp<br>Roku Inc<br>Adyen Nv<br>Meta Platforms Inc<br>Uipath Inc<br>Pinterest Inc<br>Global-E Online Ltd<br>Sea Ltd ADR<br>Reddit Inc<br>Discovery Ltd<br>Spotify Technology Sa<br>Nu Holdings Ltd\/Cayman Isl<br>Bill Holdings Inc<br>Intuit Inc<br>Paypal Holdings Inc<br>Crowdstrike Holdings Inc<br>Nvidia Corp<br>Ly Corp<br>Jsc Kaspi.Kz ADR<br>Avidxchange Holdings Inc<br>Zillow Group Inc<br>Intercontinental Exchange Inc<br>3iq Ether Staking ETF<br>Ibotta Inc<br>Amazon.Com Inc<\/p>\n\n\n\n<p><\/p>\n","protected":false},"excerpt":{"rendered":"<p>(1) Research and Development (R&amp;D): Exploring the replacement and\/or augmentation of human investment research analysts, asset managers, traders, and interns with organized\/orchestrated networks of AI agents.&nbsp; (2) Forming Alliances: Building partnerships with prominent organizations and individuals who may contribute to &hellip; <a href=\"https:\/\/intelligenxe.com\/?page_id=147\">Continued<\/a><\/p>\n","protected":false},"author":1,"featured_media":0,"parent":0,"menu_order":0,"comment_status":"closed","ping_status":"closed","template":"","meta":{"kt_blocks_editor_width":"","footnotes":""},"class_list":["post-147","page","type-page","status-publish","hentry"],"_links":{"self":[{"href":"https:\/\/intelligenxe.com\/index.php?rest_route=\/wp\/v2\/pages\/147","targetHints":{"allow":["GET"]}}],"collection":[{"href":"https:\/\/intelligenxe.com\/index.php?rest_route=\/wp\/v2\/pages"}],"about":[{"href":"https:\/\/intelligenxe.com\/index.php?rest_route=\/wp\/v2\/types\/page"}],"author":[{"embeddable":true,"href":"https:\/\/intelligenxe.com\/index.php?rest_route=\/wp\/v2\/users\/1"}],"replies":[{"embeddable":true,"href":"https:\/\/intelligenxe.com\/index.php?rest_route=%2Fwp%2Fv2%2Fcomments&post=147"}],"version-history":[{"count":34,"href":"https:\/\/intelligenxe.com\/index.php?rest_route=\/wp\/v2\/pages\/147\/revisions"}],"predecessor-version":[{"id":909,"href":"https:\/\/intelligenxe.com\/index.php?rest_route=\/wp\/v2\/pages\/147\/revisions\/909"}],"wp:attachment":[{"href":"https:\/\/intelligenxe.com\/index.php?rest_route=%2Fwp%2Fv2%2Fmedia&parent=147"}],"curies":[{"name":"wp","href":"https:\/\/api.w.org\/{rel}","templated":true}]}}